{"id":162,"date":"2016-06-02T17:21:14","date_gmt":"2016-06-02T17:21:14","guid":{"rendered":"http:\/\/test.dr-stange.de\/?page_id=162"},"modified":"2026-02-08T14:41:57","modified_gmt":"2026-02-08T13:41:57","slug":"spektrum","status":"publish","type":"page","link":"https:\/\/www.dr-stange.de\/?page_id=162","title":{"rendered":"Spektrum"},"content":{"rendered":"<div align=\"left\">\n<p><span style=\"font-size: large;\">Unser Ziel ist es, Ihre Z\u00e4hne gesund und sch\u00f6n zu erhalten. Daf\u00fcr bieten wir Ihnen <\/span><span style=\"color: #02a5a2; font-size: large;\">regelm\u00e4\u00dfige Vorsorgeuntersuchungen<\/span><span style=\"font-size: large;\"> und im Rahmen der Prophylaxe die <\/span><span style=\"color: #02a5a2; font-size: large;\">professionelle Zahnreinigung<\/span><span style=\"font-size: large;\"> an, gern erinnern wir Sie auch an Ihre Termine. <\/span><span style=\"font-size: large;\">Wir versuchen, Ihre Z\u00e4hne mit <\/span><span style=\"color: #02a5a2; font-size: large;\">hochwertigen F\u00fcllungsmaterialien<\/span><span style=\"font-size: large;\"> zu erhalten, au\u00dferdem f\u00fchren wir notwendige <\/span><span style=\"color: #02a5a2; font-size: large;\">endodontische <\/span><span style=\"color: black; font-size: large;\">(Wurzelkanal-) und<\/span><span style=\"color: #02a5a2; font-size: large;\"> Parodontalbehandlungen<\/span><span style=\"font-size: large;\"> (Behandlungen von Erkrankungen des Zahnhalteapparates) nach modernen und wissenschaftlich anerkannten Erkenntnissen durch.<\/span><\/p>\n<p><span style=\"font-size: large;\">F\u00fcr die Versorgung mit <\/span><span style=\"color: #02a5a2; font-size: large;\">Kronen, Br\u00fccken, Teil- und Totalprothesen<\/span><span style=\"font-size: large;\"> arbeiten wir mit erfahrenen Zahntechniker*Innen zusammen, um \u00c4sthetik und Biovertr\u00e4glichkeit gew\u00e4hren zu k\u00f6nnen. Ob <\/span><span style=\"color: #02a5a2; font-size: large;\">herk\u00f6mmlich oder implantatgetragen<\/span><span style=\"font-size: large;\"> &#8211; Ihre individuellen W\u00fcnsche sind uns wichtig und flie\u00dfen mit in die Behandlungsplanung ein. <\/span><span style=\"font-size: large;\">Um auf dem aktuellen Stand der Wissenschaft zu arbeiten, nehmen wir regelm\u00e4\u00dfig an Fortbildungen teil. Hierbei hat sich J\u00f6rg Stange seit 2009 auf das Gebiet der Implantologie spezialisiert und im Juni 2012 das dazugeh\u00f6rige <\/span><span style=\"color: #02a5a2; font-size: large;\">Curriculum der Deutschen Gesellschaft f\u00fcr Implantologie<\/span><span style=\"font-size: large;\"> erfolgreich abgeschlossen.<\/span><\/p>\n<p><span style=\"font-size: large;\">Wir m\u00f6chten Ihnen und Ihren Kindern eine <\/span><span style=\"color: #02a5a2; font-size: large;\">schmerz- und angstfreie Behandlung<\/span><span style=\"font-size: large;\"> in angenehmer Atmosph\u00e4re anbieten, denn Ihre Zufriedenheit und Ihr Wohlbefinden sind unser Bestreben. <\/span><\/p>\n<p><span style=\"font-size: large;\">F\u00fcr eine m\u00f6glichstgeringe Strahlenbelastung haben wir das <span style=\"color: #38baba;\">digitale R\u00f6ntgen<\/span> eingef\u00fchrt.<\/span><\/p>\n<\/div>\n\n\n\n\n\t\t\t\t\t\t\t\t<script async type=\"text\/javascript\" src=\"https:\/\/www.dginet.de\/badge\/?userid=6280&#038;badge=curriculum-impl\"><\/script>\n\t\t\t\t\t\t\t\t<div id=\"dgiBadge-curriculum-impl\"><\/div>\n\n\n\n","protected":false},"excerpt":{"rendered":"<p>Unser Ziel ist es, Ihre Z\u00e4hne gesund und sch\u00f6n zu erhalten. Daf\u00fcr bieten wir Ihnen regelm\u00e4\u00dfige Vorsorgeuntersuchungen und im Rahmen der Prophylaxe [&hellip;]<\/p>\n","protected":false},"author":1,"featured_media":0,"parent":0,"menu_order":2,"comment_status":"closed","ping_status":"closed","template":"","meta":{"footnotes":""},"class_list":["post-162","page","type-page","status-publish","hentry"],"_links":{"self":[{"href":"https:\/\/www.dr-stange.de\/index.php?rest_route=\/wp\/v2\/pages\/162","targetHints":{"allow":["GET"]}}],"collection":[{"href":"https:\/\/www.dr-stange.de\/index.php?rest_route=\/wp\/v2\/pages"}],"about":[{"href":"https:\/\/www.dr-stange.de\/index.php?rest_route=\/wp\/v2\/types\/page"}],"author":[{"embeddable":true,"href":"https:\/\/www.dr-stange.de\/index.php?rest_route=\/wp\/v2\/users\/1"}],"replies":[{"embeddable":true,"href":"https:\/\/www.dr-stange.de\/index.php?rest_route=%2Fwp%2Fv2%2Fcomments&post=162"}],"version-history":[{"count":7,"href":"https:\/\/www.dr-stange.de\/index.php?rest_route=\/wp\/v2\/pages\/162\/revisions"}],"predecessor-version":[{"id":721,"href":"https:\/\/www.dr-stange.de\/index.php?rest_route=\/wp\/v2\/pages\/162\/revisions\/721"}],"wp:attachment":[{"href":"https:\/\/www.dr-stange.de\/index.php?rest_route=%2Fwp%2Fv2%2Fmedia&parent=162"}],"curies":[{"name":"wp","href":"https:\/\/api.w.org\/{rel}","templated":true}]}}