{"id":195,"date":"2018-09-05T18:54:45","date_gmt":"2018-09-05T18:54:45","guid":{"rendered":"http:\/\/www.dr-stange.de\/?page_id=195"},"modified":"2025-01-26T18:44:26","modified_gmt":"2025-01-26T17:44:26","slug":"digitales-roentgen","status":"publish","type":"page","link":"https:\/\/www.dr-stange.de\/?page_id=195","title":{"rendered":"Digitales R\u00f6ntgen"},"content":{"rendered":"\n<p>Zur Reduzierung der Strahlendosis bei R\u00f6ntgenaufnahmen haben wir im Jahr 2018 unser System auf digitales R\u00f6ntgen umgestellt. Zus\u00e4tzlich haben wir jetzt die M\u00f6glichkeit durch&nbsp; digitale Volumentomographie dreidimensionale Aufnahmen im Kieferbereich anzufertigen, um noch sicherer Nervenverl\u00e4ufe und Knochenangebot beurteilen zu k\u00f6nnen. Das bedeutet f\u00fcr Sie mehr Sicherheit z.B. f\u00fcr die Implantologie oder die Entfernung von Weisheitsz\u00e4hnen.<\/p>\n\n\n\n<figure class=\"wp-block-image\"><a href=\"https:\/\/www.dr-stange.de\/wp-content\/uploads\/2018\/09\/3d.gif\"><img loading=\"lazy\" decoding=\"async\" width=\"300\" height=\"292\" src=\"https:\/\/www.dr-stange.de\/wp-content\/uploads\/2018\/09\/3d-300x292.gif\" alt=\"Zu sehen ist ein digitales R\u00f6ntgenger\u00e4t\" class=\"wp-image-197\" srcset=\"https:\/\/www.dr-stange.de\/wp-content\/uploads\/2018\/09\/3d-300x292.gif 300w, https:\/\/www.dr-stange.de\/wp-content\/uploads\/2018\/09\/3d-150x146.gif 150w\" sizes=\"auto, (max-width: 300px) 100vw, 300px\" \/><\/a><\/figure>\n\n\n\n<p><\/p>\n","protected":false},"excerpt":{"rendered":"<p>Zur Reduzierung der Strahlendosis bei R\u00f6ntgenaufnahmen haben wir im Jahr 2018 unser System auf digitales R\u00f6ntgen umgestellt. Zus\u00e4tzlich haben wir jetzt die [&hellip;]<\/p>\n","protected":false},"author":1,"featured_media":0,"parent":0,"menu_order":8,"comment_status":"closed","ping_status":"closed","template":"","meta":{"footnotes":""},"class_list":["post-195","page","type-page","status-publish","hentry"],"_links":{"self":[{"href":"https:\/\/www.dr-stange.de\/index.php?rest_route=\/wp\/v2\/pages\/195","targetHints":{"allow":["GET"]}}],"collection":[{"href":"https:\/\/www.dr-stange.de\/index.php?rest_route=\/wp\/v2\/pages"}],"about":[{"href":"https:\/\/www.dr-stange.de\/index.php?rest_route=\/wp\/v2\/types\/page"}],"author":[{"embeddable":true,"href":"https:\/\/www.dr-stange.de\/index.php?rest_route=\/wp\/v2\/users\/1"}],"replies":[{"embeddable":true,"href":"https:\/\/www.dr-stange.de\/index.php?rest_route=%2Fwp%2Fv2%2Fcomments&post=195"}],"version-history":[{"count":6,"href":"https:\/\/www.dr-stange.de\/index.php?rest_route=\/wp\/v2\/pages\/195\/revisions"}],"predecessor-version":[{"id":627,"href":"https:\/\/www.dr-stange.de\/index.php?rest_route=\/wp\/v2\/pages\/195\/revisions\/627"}],"wp:attachment":[{"href":"https:\/\/www.dr-stange.de\/index.php?rest_route=%2Fwp%2Fv2%2Fmedia&parent=195"}],"curies":[{"name":"wp","href":"https:\/\/api.w.org\/{rel}","templated":true}]}}