{"id":213,"date":"2018-12-14T18:50:19","date_gmt":"2018-12-14T18:50:19","guid":{"rendered":"http:\/\/www.dr-stange.de\/?page_id=213"},"modified":"2025-02-09T12:03:58","modified_gmt":"2025-02-09T11:03:58","slug":"cerec","status":"publish","type":"page","link":"https:\/\/www.dr-stange.de\/?page_id=213","title":{"rendered":"Cerec"},"content":{"rendered":"\n<figure class=\"wp-block-image\"><img loading=\"lazy\" decoding=\"async\" width=\"800\" height=\"600\" src=\"https:\/\/www.dr-stange.de\/wp-content\/uploads\/2018\/12\/cerec2w.jpg\" alt=\"Zu sehen ist eine  Cerec-Fr\u00e4smaschiene zum Erstellen von Zahnersatz aus Keramik\" class=\"wp-image-231\" srcset=\"https:\/\/www.dr-stange.de\/wp-content\/uploads\/2018\/12\/cerec2w.jpg 800w, https:\/\/www.dr-stange.de\/wp-content\/uploads\/2018\/12\/cerec2w-300x225.jpg 300w, https:\/\/www.dr-stange.de\/wp-content\/uploads\/2018\/12\/cerec2w-768x576.jpg 768w, https:\/\/www.dr-stange.de\/wp-content\/uploads\/2018\/12\/cerec2w-150x113.jpg 150w\" sizes=\"auto, (max-width: 800px) 100vw, 800px\" \/><figcaption class=\"wp-element-caption\"><br>Mittels einer intraoralen Kamera wird ein optischer Abdruck des zu versorgenden Zahnes eingescannt und ein dreidimensionales Modell errechnet.&nbsp; Mit Hilfe des Kopier-Schleifverfahrens wird die am Computer realisierte Restauration aus einem industriell hergestellten Keramikblock von einer dreiachsigen Schleifmaschine&nbsp; mit diamantierten Schleifk\u00f6rpern ausgefr\u00e4st. <br>Somit ist es m\u00f6glich Z\u00e4hne an einem Tag zu versorgen.<\/figcaption><\/figure>\n\n\n\n<figure class=\"wp-block-image is-resized\"><img loading=\"lazy\" decoding=\"async\" width=\"768\" height=\"1024\" src=\"https:\/\/www.dr-stange.de\/wp-content\/uploads\/2018\/12\/cere1w-768x1024.jpg\" alt=\"Zu sehen ist eine  Cerec-Fr\u00e4smaschiene aus der N\u00e4he mit einem eingesetzen Keramikblock aus dem Zahnersatz gefr\u00e4st wird.\" class=\"wp-image-233\" style=\"width:584px;height:778px\" srcset=\"https:\/\/www.dr-stange.de\/wp-content\/uploads\/2018\/12\/cere1w-768x1024.jpg 768w, https:\/\/www.dr-stange.de\/wp-content\/uploads\/2018\/12\/cere1w-225x300.jpg 225w, https:\/\/www.dr-stange.de\/wp-content\/uploads\/2018\/12\/cere1w-112x150.jpg 112w, https:\/\/www.dr-stange.de\/wp-content\/uploads\/2018\/12\/cere1w.jpg 800w\" sizes=\"auto, (max-width: 768px) 100vw, 768px\" \/><\/figure>\n\n\n\n<figure class=\"wp-block-image\"><img loading=\"lazy\" decoding=\"async\" width=\"800\" height=\"600\" src=\"https:\/\/www.dr-stange.de\/wp-content\/uploads\/2018\/12\/Cerecneu.jpg\" alt=\"Zu sehen ist ein Computermodell einer Zahnkrone aus Keramik in der Cerec Software\" class=\"wp-image-249\" srcset=\"https:\/\/www.dr-stange.de\/wp-content\/uploads\/2018\/12\/Cerecneu.jpg 800w, https:\/\/www.dr-stange.de\/wp-content\/uploads\/2018\/12\/Cerecneu-300x225.jpg 300w, https:\/\/www.dr-stange.de\/wp-content\/uploads\/2018\/12\/Cerecneu-768x576.jpg 768w, https:\/\/www.dr-stange.de\/wp-content\/uploads\/2018\/12\/Cerecneu-150x113.jpg 150w\" sizes=\"auto, (max-width: 800px) 100vw, 800px\" \/><\/figure>\n\n\n\n<figure class=\"wp-block-video\"><video height=\"1080\" style=\"aspect-ratio: 1920 \/ 1080;\" width=\"1920\" autoplay controls loop preload=\"auto\" src=\"https:\/\/www.dr-stange.de\/wp-content\/uploads\/2019\/05\/Cerec_2.mp4\" playsinline><\/video><figcaption class=\"wp-element-caption\"> Cerec-Fr\u00e4smaschiene<\/figcaption><\/figure>\n\n\n\n<h2 class=\"wp-block-heading\"><\/h2>\n","protected":false},"excerpt":{"rendered":"","protected":false},"author":1,"featured_media":0,"parent":0,"menu_order":9,"comment_status":"closed","ping_status":"closed","template":"","meta":{"footnotes":""},"class_list":["post-213","page","type-page","status-publish","hentry"],"_links":{"self":[{"href":"https:\/\/www.dr-stange.de\/index.php?rest_route=\/wp\/v2\/pages\/213","targetHints":{"allow":["GET"]}}],"collection":[{"href":"https:\/\/www.dr-stange.de\/index.php?rest_route=\/wp\/v2\/pages"}],"about":[{"href":"https:\/\/www.dr-stange.de\/index.php?rest_route=\/wp\/v2\/types\/page"}],"author":[{"embeddable":true,"href":"https:\/\/www.dr-stange.de\/index.php?rest_route=\/wp\/v2\/users\/1"}],"replies":[{"embeddable":true,"href":"https:\/\/www.dr-stange.de\/index.php?rest_route=%2Fwp%2Fv2%2Fcomments&post=213"}],"version-history":[{"count":20,"href":"https:\/\/www.dr-stange.de\/index.php?rest_route=\/wp\/v2\/pages\/213\/revisions"}],"predecessor-version":[{"id":648,"href":"https:\/\/www.dr-stange.de\/index.php?rest_route=\/wp\/v2\/pages\/213\/revisions\/648"}],"wp:attachment":[{"href":"https:\/\/www.dr-stange.de\/index.php?rest_route=%2Fwp%2Fv2%2Fmedia&parent=213"}],"curies":[{"name":"wp","href":"https:\/\/api.w.org\/{rel}","templated":true}]}}