{"id":488,"date":"2023-06-14T18:57:07","date_gmt":"2023-06-14T18:57:07","guid":{"rendered":"https:\/\/www.dr-stange.de\/?page_id=488"},"modified":"2025-02-09T11:47:24","modified_gmt":"2025-02-09T10:47:24","slug":"onlineterminbuch","status":"publish","type":"page","link":"https:\/\/www.dr-stange.de\/?page_id=488","title":{"rendered":"Termine"},"content":{"rendered":"\n<p class=\"has-white-background-color has-background has-medium-font-size\"><strong><a href=\"https:\/\/dr-stange.termin.dampsoft.net\/patientenportal\/\">Ab sofort k\u00f6nnen Sie hier online Termie bei uns buchen<\/a><\/strong><\/p>\n\n\n\n<figure class=\"wp-block-image size-large\"><a href=\"https:\/\/dr-stange.termin.dampsoft.net\/patientenportal\/suche#view=suche\"><img loading=\"lazy\" decoding=\"async\" width=\"1024\" height=\"768\" src=\"https:\/\/www.dr-stange.de\/wp-content\/uploads\/2022\/06\/Komplett-1024x768.gif\" alt=\"Auf dem Bild ist das Praxisgeb\u00e4ude im Fr\u00fchling zu sehen. Der Baum vor dem Eingang steht in voller Bl\u00fcte.\" class=\"wp-image-441\" srcset=\"https:\/\/www.dr-stange.de\/wp-content\/uploads\/2022\/06\/Komplett-1024x768.gif 1024w, https:\/\/www.dr-stange.de\/wp-content\/uploads\/2022\/06\/Komplett-300x225.gif 300w, https:\/\/www.dr-stange.de\/wp-content\/uploads\/2022\/06\/Komplett-768x576.gif 768w, https:\/\/www.dr-stange.de\/wp-content\/uploads\/2022\/06\/Komplett-1536x1152.gif 1536w, https:\/\/www.dr-stange.de\/wp-content\/uploads\/2022\/06\/Komplett-2048x1536.gif 2048w, https:\/\/www.dr-stange.de\/wp-content\/uploads\/2022\/06\/Komplett-150x113.gif 150w\" sizes=\"auto, (max-width: 1024px) 100vw, 1024px\" \/><\/a><\/figure>\n","protected":false},"excerpt":{"rendered":"<p>Ab sofort k\u00f6nnen Sie hier online Termie bei uns buchen<\/p>\n","protected":false},"author":1,"featured_media":0,"parent":0,"menu_order":0,"comment_status":"closed","ping_status":"closed","template":"","meta":{"footnotes":""},"class_list":["post-488","page","type-page","status-publish","hentry"],"_links":{"self":[{"href":"https:\/\/www.dr-stange.de\/index.php?rest_route=\/wp\/v2\/pages\/488","targetHints":{"allow":["GET"]}}],"collection":[{"href":"https:\/\/www.dr-stange.de\/index.php?rest_route=\/wp\/v2\/pages"}],"about":[{"href":"https:\/\/www.dr-stange.de\/index.php?rest_route=\/wp\/v2\/types\/page"}],"author":[{"embeddable":true,"href":"https:\/\/www.dr-stange.de\/index.php?rest_route=\/wp\/v2\/users\/1"}],"replies":[{"embeddable":true,"href":"https:\/\/www.dr-stange.de\/index.php?rest_route=%2Fwp%2Fv2%2Fcomments&post=488"}],"version-history":[{"count":14,"href":"https:\/\/www.dr-stange.de\/index.php?rest_route=\/wp\/v2\/pages\/488\/revisions"}],"predecessor-version":[{"id":641,"href":"https:\/\/www.dr-stange.de\/index.php?rest_route=\/wp\/v2\/pages\/488\/revisions\/641"}],"wp:attachment":[{"href":"https:\/\/www.dr-stange.de\/index.php?rest_route=%2Fwp%2Fv2%2Fmedia&parent=488"}],"curies":[{"name":"wp","href":"https:\/\/api.w.org\/{rel}","templated":true}]}}