{"id":90,"date":"2016-05-26T16:50:50","date_gmt":"2016-05-26T16:50:50","guid":{"rendered":"http:\/\/test.dr-stange.de\/?page_id=90"},"modified":"2025-12-12T18:34:26","modified_gmt":"2025-12-12T17:34:26","slug":"team","status":"publish","type":"page","link":"https:\/\/www.dr-stange.de\/?page_id=90","title":{"rendered":"Team"},"content":{"rendered":"\n<figure class=\"wp-block-image size-large is-resized\"><img loading=\"lazy\" decoding=\"async\" width=\"1024\" height=\"931\" src=\"https:\/\/www.dr-stange.de\/wp-content\/uploads\/2025\/03\/Dungeon-1024x931.gif\" alt=\"\" class=\"wp-image-656\" style=\"width:579px;height:auto\" srcset=\"https:\/\/www.dr-stange.de\/wp-content\/uploads\/2025\/03\/Dungeon-1024x931.gif 1024w, https:\/\/www.dr-stange.de\/wp-content\/uploads\/2025\/03\/Dungeon-300x273.gif 300w, https:\/\/www.dr-stange.de\/wp-content\/uploads\/2025\/03\/Dungeon-768x698.gif 768w, https:\/\/www.dr-stange.de\/wp-content\/uploads\/2025\/03\/Dungeon-24x22.gif 24w, https:\/\/www.dr-stange.de\/wp-content\/uploads\/2025\/03\/Dungeon-36x33.gif 36w, https:\/\/www.dr-stange.de\/wp-content\/uploads\/2025\/03\/Dungeon-48x44.gif 48w\" sizes=\"auto, (max-width: 1024px) 100vw, 1024px\" \/><\/figure>\n\n\n\n<p><\/p>\n\n\n\n<figure class=\"wp-block-image size-full\"><img loading=\"lazy\" decoding=\"async\" width=\"300\" height=\"300\" src=\"https:\/\/www.dr-stange.de\/wp-content\/uploads\/2025\/03\/Claudia.gif\" alt=\"\" class=\"wp-image-661\"\/><\/figure>\n\n\n\n<p class=\"has-text-align-left\"><\/p>\n\n\n\n<h2 class=\"wp-block-heading\" id=\"dr-claudia-stange\"><span style=\"color: #38baba;\">Dr. Claudia Stange<\/span><\/h2>\n\n\n\n<p>Zahn\u00e4rztin<\/p>\n\n\n\n<figure class=\"wp-block-image size-full\"><img loading=\"lazy\" decoding=\"async\" width=\"300\" height=\"300\" src=\"https:\/\/www.dr-stange.de\/wp-content\/uploads\/2025\/03\/Joerg.gif\" alt=\"\" class=\"wp-image-668\"\/><\/figure>\n\n\n\n<h2 class=\"wp-block-heading\" id=\"dr-jorg-stange\"><span style=\"color: #33cccc;\">Dr. J\u00f6rg Stange<\/span><\/h2>\n\n\n\n<p>Zahnarzt<\/p>\n\n\n\n<figure class=\"wp-block-image size-full\"><img loading=\"lazy\" decoding=\"async\" width=\"300\" height=\"300\" src=\"https:\/\/www.dr-stange.de\/wp-content\/uploads\/2025\/03\/Eva.gif\" alt=\"\" class=\"wp-image-666\"\/><\/figure>\n\n\n\n<h2 class=\"wp-block-heading\" id=\"dr-eva-barth\"><span style=\"color: #33cccc;\">Dr. Eva Barth<\/span><\/h2>\n\n\n\n<p>Zahn\u00e4rztin<\/p>\n\n\n\n<figure class=\"wp-block-image size-full\"><img loading=\"lazy\" decoding=\"async\" width=\"300\" height=\"300\" src=\"https:\/\/www.dr-stange.de\/wp-content\/uploads\/2025\/03\/Dorin.gif\" alt=\"\" class=\"wp-image-665\"\/><\/figure>\n\n\n\n<h3 class=\"wp-block-heading\" id=\"dorin-magdowski\"><span style=\"color: #33cccc;\">Dorin Magdowski<\/span><\/h3>\n\n\n\n<p>Assistenz<\/p>\n\n\n\n<figure class=\"wp-block-image size-full\"><img loading=\"lazy\" decoding=\"async\" width=\"300\" height=\"300\" src=\"https:\/\/www.dr-stange.de\/wp-content\/uploads\/2025\/03\/Dajana.gif\" alt=\"\" class=\"wp-image-663\"\/><\/figure>\n\n\n\n<h3 class=\"wp-block-heading\" id=\"dajana-kunze\"><span style=\"color: #33cccc;\">Dajana Kunze<\/span><\/h3>\n\n\n\n<p>Verwaltung<\/p>\n\n\n\n<figure class=\"wp-block-image size-full\"><img loading=\"lazy\" decoding=\"async\" width=\"300\" height=\"300\" src=\"https:\/\/www.dr-stange.de\/wp-content\/uploads\/2025\/03\/Conny.gif\" alt=\"\" class=\"wp-image-662\"\/><\/figure>\n\n\n\n<h3 class=\"wp-block-heading\" id=\"constanze-mohrdieck\"><span style=\"color: #33cccc;\">Constanze Mohrdieck<\/span><\/h3>\n\n\n\n<p>Empfang und Assistenz<\/p>\n\n\n\n<figure class=\"wp-block-image size-full\"><a href=\"https:\/\/www.dr-stange.de\/wp-content\/uploads\/2025\/03\/Christina.gif\"><img loading=\"lazy\" decoding=\"async\" width=\"300\" height=\"300\" src=\"https:\/\/www.dr-stange.de\/wp-content\/uploads\/2025\/03\/Christina.gif\" alt=\"\" class=\"wp-image-660\"\/><\/a><\/figure>\n\n\n\n<h3 class=\"wp-block-heading\" id=\"christina-pentner\"><span style=\"color: #33cccc;\">Christina Pentner<\/span><\/h3>\n\n\n\n<p>Assistenz und Prophylaxe<\/p>\n\n\n\n<figure class=\"wp-block-image size-full\"><img loading=\"lazy\" decoding=\"async\" width=\"300\" height=\"300\" src=\"https:\/\/www.dr-stange.de\/wp-content\/uploads\/2025\/03\/Hannah.gif\" alt=\"\" class=\"wp-image-667\"\/><\/figure>\n\n\n\n<h3 class=\"wp-block-heading\" id=\"hannah-jopp\"><span style=\"color: #33cccc;\">Hannah Jopp<\/span><span style=\"color: #33cccc;\"><\/span><\/h3>\n\n\n\n<p>Assistenz und Empfang<\/p>\n\n\n\n<figure class=\"wp-block-image size-full\"><img loading=\"lazy\" decoding=\"async\" width=\"300\" height=\"300\" src=\"https:\/\/www.dr-stange.de\/wp-content\/uploads\/2025\/03\/Sarina.gif\" alt=\"\" class=\"wp-image-669\"\/><\/figure>\n\n\n\n<h3 class=\"wp-block-heading\" id=\"hannah-jopp\"><span style=\"color: #33cccc;\">Sarina Liedtke<\/span><span style=\"color: #33cccc;\"><\/span><\/h3>\n\n\n\n<p>Assistenz und Prophylaxe<\/p>\n\n\n\n<figure class=\"wp-block-image size-full\"><img loading=\"lazy\" decoding=\"async\" width=\"300\" height=\"300\" src=\"https:\/\/www.dr-stange.de\/wp-content\/uploads\/2025\/03\/Diana.gif\" alt=\"\" class=\"wp-image-664\"\/><\/figure>\n\n\n\n<h3 class=\"wp-block-heading\" id=\"hannah-jopp\"><span style=\"color: #33cccc;\">Diana Winkler<\/span><span style=\"color: #33cccc;\"><\/span><\/h3>\n\n\n\n<p>Assistenz und Prophylaxe<\/p>\n\n\n\n<figure class=\"wp-block-image size-full\"><a href=\"https:\/\/www.dr-stange.de\/wp-content\/uploads\/2025\/03\/Lena.gif\"><img loading=\"lazy\" decoding=\"async\" width=\"300\" height=\"300\" src=\"https:\/\/www.dr-stange.de\/wp-content\/uploads\/2025\/03\/Lena.gif\" alt=\"\" class=\"wp-image-670\"\/><\/a><\/figure>\n\n\n\n<h3 class=\"wp-block-heading\" id=\"luisa-schilling\"><span style=\"color: #33cccc;\">Lena Krohn<\/span><\/h3>\n\n\n\n<p>Zahntechnikerin<\/p>\n\n\n\n<p><span style=\"color: #33cccc;\"><\/span><\/p>\n\n\n\n<p><\/p>\n\n\n\n<p><\/p>\n","protected":false},"excerpt":{"rendered":"<p>Dr. Claudia Stange Zahn\u00e4rztin Dr. J\u00f6rg Stange Zahnarzt Dr. Eva Barth Zahn\u00e4rztin Dorin Magdowski Assistenz Dajana Kunze Verwaltung Constanze Mohrdieck Empfang und [&hellip;]<\/p>\n","protected":false},"author":1,"featured_media":0,"parent":0,"menu_order":3,"comment_status":"closed","ping_status":"closed","template":"","meta":{"footnotes":""},"class_list":["post-90","page","type-page","status-publish","hentry"],"_links":{"self":[{"href":"https:\/\/www.dr-stange.de\/index.php?rest_route=\/wp\/v2\/pages\/90","targetHints":{"allow":["GET"]}}],"collection":[{"href":"https:\/\/www.dr-stange.de\/index.php?rest_route=\/wp\/v2\/pages"}],"about":[{"href":"https:\/\/www.dr-stange.de\/index.php?rest_route=\/wp\/v2\/types\/page"}],"author":[{"embeddable":true,"href":"https:\/\/www.dr-stange.de\/index.php?rest_route=\/wp\/v2\/users\/1"}],"replies":[{"embeddable":true,"href":"https:\/\/www.dr-stange.de\/index.php?rest_route=%2Fwp%2Fv2%2Fcomments&post=90"}],"version-history":[{"count":85,"href":"https:\/\/www.dr-stange.de\/index.php?rest_route=\/wp\/v2\/pages\/90\/revisions"}],"predecessor-version":[{"id":700,"href":"https:\/\/www.dr-stange.de\/index.php?rest_route=\/wp\/v2\/pages\/90\/revisions\/700"}],"wp:attachment":[{"href":"https:\/\/www.dr-stange.de\/index.php?rest_route=%2Fwp%2Fv2%2Fmedia&parent=90"}],"curies":[{"name":"wp","href":"https:\/\/api.w.org\/{rel}","templated":true}]}}